{"id":9298,"date":"2022-12-19T11:12:10","date_gmt":"2022-12-19T10:12:10","guid":{"rendered":"https:\/\/www.diezsiglos.es\/contacto\/"},"modified":"2026-01-22T16:17:38","modified_gmt":"2026-01-22T15:17:38","slug":"contacto","status":"publish","type":"page","link":"https:\/\/www.diezsiglos.es\/en\/contacto\/","title":{"rendered":"Contact"},"content":{"rendered":"\t\t<div data-elementor-type=\"wp-page\" data-elementor-id=\"9298\" class=\"elementor elementor-9298 elementor-3378\" data-elementor-post-type=\"page\">\n\t\t\t\t\t\t<section class=\"elementor-section elementor-top-section elementor-element elementor-element-730055e elementor-section-height-min-height elementor-section-stretched elementor-section-boxed elementor-section-height-default elementor-section-items-middle wpr-parallax-no wpr-sticky-section-no wpr-equal-height-no\" data-id=\"730055e\" data-element_type=\"section\" data-e-type=\"section\" data-settings=\"{&quot;stretch_section&quot;:&quot;section-stretched&quot;,&quot;background_background&quot;:&quot;video&quot;,&quot;background_video_link&quot;:&quot;https:\\\/\\\/www.diezsiglos.es\\\/videos\\\/diezsiglos.mp4&quot;,&quot;background_play_on_mobile&quot;:&quot;yes&quot;,&quot;background_video_end&quot;:53}\">\n\t\t\t\t\t\t\t\t<div class=\"elementor-background-video-container\">\n\t\t\t\t\t\t\t\t\t\t\t\t\t<video class=\"elementor-background-video-hosted\" role=\"presentation\" autoplay muted playsinline loop><\/video>\n\t\t\t\t\t\t\t\t\t\t\t<\/div>\n\t\t\t\t\t\t\t\t\t<div class=\"elementor-background-overlay\"><\/div>\n\t\t\t\t\t\t\t<div class=\"elementor-container elementor-column-gap-default\">\n\t\t\t\t\t<div class=\"elementor-column elementor-col-100 elementor-top-column elementor-element elementor-element-b87153c\" data-id=\"b87153c\" data-element_type=\"column\" data-e-type=\"column\" data-settings=\"{&quot;background_background&quot;:&quot;classic&quot;}\">\n\t\t\t<div class=\"elementor-widget-wrap elementor-element-populated\">\n\t\t\t\t\t\t<div class=\"elementor-element elementor-element-336c374 elementor-widget elementor-widget-heading\" data-id=\"336c374\" data-element_type=\"widget\" data-e-type=\"widget\" data-widget_type=\"heading.default\">\n\t\t\t\t<div class=\"elementor-widget-container\">\n\t\t\t\t\t<h3 class=\"elementor-heading-title elementor-size-default\">Contact us<\/h3>\t\t\t\t<\/div>\n\t\t\t\t<\/div>\n\t\t\t\t<div class=\"elementor-element elementor-element-97b77b1 elementor-widget elementor-widget-heading\" data-id=\"97b77b1\" data-element_type=\"widget\" data-e-type=\"widget\" data-widget_type=\"heading.default\">\n\t\t\t\t<div class=\"elementor-widget-container\">\n\t\t\t\t\t<h1 class=\"elementor-heading-title elementor-size-default\">We want to help you with whatever you need from us.<\/h1>\t\t\t\t<\/div>\n\t\t\t\t<\/div>\n\t\t\t\t\t<\/div>\n\t\t<\/div>\n\t\t\t\t\t<\/div>\n\t\t<\/section>\n\t\t\t\t<section class=\"elementor-section elementor-top-section elementor-element elementor-element-f1e98cb elementor-section-boxed elementor-section-height-default elementor-section-height-default wpr-particle-no wpr-jarallax-no wpr-parallax-no wpr-sticky-section-no wpr-equal-height-no\" data-id=\"f1e98cb\" data-element_type=\"section\" data-e-type=\"section\">\n\t\t\t\t\t\t<div class=\"elementor-container elementor-column-gap-default\">\n\t\t\t\t\t<div class=\"elementor-column elementor-col-50 elementor-top-column elementor-element elementor-element-e6e878d\" data-id=\"e6e878d\" data-element_type=\"column\" data-e-type=\"column\">\n\t\t\t<div class=\"elementor-widget-wrap elementor-element-populated\">\n\t\t\t\t\t\t<div class=\"elementor-element elementor-element-5b1e5f4 elementor-widget elementor-widget-image\" data-id=\"5b1e5f4\" data-element_type=\"widget\" data-e-type=\"widget\" data-widget_type=\"image.default\">\n\t\t\t\t<div class=\"elementor-widget-container\">\n\t\t\t\t\t\t\t\t\t\t\t\t\t\t\t<img fetchpriority=\"high\" decoding=\"async\" width=\"800\" height=\"294\" src=\"https:\/\/www.diezsiglos.es\/wp-content\/uploads\/2022\/09\/portada-bodega-1024x376.jpg\" class=\"attachment-large size-large wp-image-8106\" alt=\"\" srcset=\"https:\/\/www.diezsiglos.es\/wp-content\/uploads\/2022\/09\/portada-bodega-1024x376.jpg 1024w, https:\/\/www.diezsiglos.es\/wp-content\/uploads\/2022\/09\/portada-bodega-1000x367.jpg 1000w, https:\/\/www.diezsiglos.es\/wp-content\/uploads\/2022\/09\/portada-bodega-300x110.jpg 300w, https:\/\/www.diezsiglos.es\/wp-content\/uploads\/2022\/09\/portada-bodega-768x282.jpg 768w, https:\/\/www.diezsiglos.es\/wp-content\/uploads\/2022\/09\/portada-bodega.jpg 1500w\" sizes=\"(max-width: 800px) 100vw, 800px\" \/>\t\t\t\t\t\t\t\t\t\t\t\t\t\t\t<\/div>\n\t\t\t\t<\/div>\n\t\t\t\t<div class=\"elementor-element elementor-element-6e32c86 elementor-widget elementor-widget-text-editor\" data-id=\"6e32c86\" data-element_type=\"widget\" data-e-type=\"widget\" data-widget_type=\"text-editor.default\">\n\t\t\t\t<div class=\"elementor-widget-container\">\n\t\t\t\t\t\t\t\t\t<p>You can contact us by filling out the following form. You can also find us at:<\/p><p>Carretera de Valladolid, Km 24.5<br>47231 Serrada (Valladolid)<br><strong>Tel.<\/strong> <a href=\"tel:+34983559910\" target=\"_blank\" rel=\"noopener\">983 55 99 10<\/a> | <a href=\"tel:+34644135698\" target=\"_blank\" rel=\"noopener\">644 13 56 98<\/a><br><strong>WhatsApp:<\/strong> <a href=\"https:\/\/wa.me\/34644135698\" target=\"_blank\" rel=\"noopener\">644 13 56 98<\/a><br>Emails:<br><a class=\"link-second\" href=\"mailto:info@diezsiglos.es\">info@diezsiglos.es<\/a><br><a href=\"mailto:sugerencias@diezsiglos.es\">sugerencias@diezsiglos.es<\/a><\/p>\t\t\t\t\t\t\t\t<\/div>\n\t\t\t\t<\/div>\n\t\t\t\t\t<\/div>\n\t\t<\/div>\n\t\t\t\t<div class=\"elementor-column elementor-col-50 elementor-top-column elementor-element elementor-element-ac58f02\" data-id=\"ac58f02\" data-element_type=\"column\" data-e-type=\"column\">\n\t\t\t<div class=\"elementor-widget-wrap elementor-element-populated\">\n\t\t\t\t\t\t<div class=\"elementor-element elementor-element-40ff8fc elementor-widget elementor-widget-text-editor\" data-id=\"40ff8fc\" data-element_type=\"widget\" data-e-type=\"widget\" data-widget_type=\"text-editor.default\">\n\t\t\t\t<div class=\"elementor-widget-container\">\n\t\t\t\t\t\t\t\t\t\n<div class=\"wpcf7 no-js\" id=\"wpcf7-f233-o1\" lang=\"\" dir=\"ltr\" data-wpcf7-id=\"233\">\n<div class=\"screen-reader-response\"><p role=\"status\" aria-live=\"polite\" aria-atomic=\"true\"><\/p> <ul><\/ul><\/div>\n<form action=\"\/en\/wp-json\/wp\/v2\/pages\/9298#wpcf7-f233-o1\" method=\"post\" class=\"wpcf7-form init\" aria-label=\"Contact form\" novalidate=\"novalidate\" data-status=\"init\">\n<fieldset class=\"hidden-fields-container\"><input type=\"hidden\" name=\"_wpcf7\" value=\"233\" \/><input type=\"hidden\" name=\"_wpcf7_version\" value=\"6.1.5\" \/><input type=\"hidden\" name=\"_wpcf7_locale\" value=\"\" \/><input type=\"hidden\" name=\"_wpcf7_unit_tag\" value=\"wpcf7-f233-o1\" \/><input type=\"hidden\" name=\"_wpcf7_container_post\" value=\"0\" \/><input type=\"hidden\" name=\"_wpcf7_posted_data_hash\" value=\"\" \/>\n<\/fieldset>\n<p>Nombre* <span class=\"wpcf7-form-control-wrap\" data-name=\"nombre\"><input size=\"40\" maxlength=\"400\" class=\"wpcf7-form-control wpcf7-text wpcf7-validates-as-required\" aria-required=\"true\" aria-invalid=\"false\" value=\"\" type=\"text\" name=\"nombre\" \/><\/span>\n<\/p>\n<p>Email* <span class=\"wpcf7-form-control-wrap\" data-name=\"email\"><input size=\"40\" maxlength=\"400\" class=\"wpcf7-form-control wpcf7-email wpcf7-validates-as-required wpcf7-text wpcf7-validates-as-email\" aria-required=\"true\" aria-invalid=\"false\" value=\"\" type=\"email\" name=\"email\" \/><\/span>\n<\/p>\n<p>Asunto <span class=\"wpcf7-form-control-wrap\" data-name=\"asunto\"><input size=\"40\" maxlength=\"400\" class=\"wpcf7-form-control wpcf7-text\" aria-invalid=\"false\" value=\"\" type=\"text\" name=\"asunto\" \/><\/span>\n<\/p>\n<p>Mensaje* <span class=\"wpcf7-form-control-wrap\" data-name=\"mensaje\"><textarea cols=\"40\" rows=\"10\" maxlength=\"2000\" class=\"wpcf7-form-control wpcf7-textarea wpcf7-validates-as-required\" aria-required=\"true\" aria-invalid=\"false\" name=\"mensaje\"><\/textarea><\/span>\n<\/p>\n<p><span class=\"wpcf7-form-control-wrap\" data-name=\"datos\"><span class=\"wpcf7-form-control wpcf7-acceptance\"><span class=\"wpcf7-list-item\"><input type=\"checkbox\" name=\"datos\" value=\"1\" aria-invalid=\"false\" \/><\/span><\/span><\/span><strong>Consentimiento para el tratamiento de datos<\/strong>\n<\/p>\n<p style=\"font-size: 9px; line-height: 10px;\">DIEZ SIGLOS DE VERDEJO, S.L. es el Responsable del tratamiento de los datos personales del Usuario y le informa que estos datos ser\u00e1n tratados de conformidad con lo dispuesto en el Reglamento (UE) 2016\/679 de 27 de abril de 2016 (GDPR), por lo que se le facilita la siguiente informaci\u00f3n del tratamiento:\n<\/p>\n<p style=\"font-size: 9px; line-height: 10px;\"><strong>Fin del tratamiento:<\/strong> mantener una relaci\u00f3n comercial y el env\u00edo de comunicaciones sobre nuestros<br \/>\nproductos y servicios.\n<\/p>\n<p style=\"font-size: 9px; line-height: 10px;\">Criterios de conservaci\u00f3n de los datos: se conservar\u00e1n mientras exista un inter\u00e9s mutuo para mantener el fin del tratamiento y cuando ya no sea necesario para tal fin, se suprimir\u00e1n con medidas de seguridad adecuadas para garantizar la seudonimizaci\u00f3n de los datos o la destrucci\u00f3n total de los mismos.\n<\/p>\n<p style=\"font-size: 9px; line-height: 10px;\">Comunicaci\u00f3n de los datos: No se comunicar\u00e1n los datos a terceros, salvo obligaci\u00f3n legal.<br \/>\nDerechos que asisten al Usuario:<br \/>\n&#8211; Derecho a retirar el consentimiento en cualquier momento.<br \/>\n&#8211; Derecho de acceso, rectificaci\u00f3n, portabilidad y supresi\u00f3n de sus datos y a la limitaci\u00f3n u oposici\u00f3n al<br \/>\nsu tratamiento.<br \/>\n&#8211; Derecho a presentar una reclamaci\u00f3n ante la Autoridad de control (agpd.es) si considera que el<br \/>\ntratamiento no se ajusta a la normativa vigente.\n<\/p>\n<p style=\"font-size: 9px; line-height: 10px;\">Datos de contacto para ejercer sus derechos:<br \/>\nDirecci\u00f3n postal: DIEZ SIGLOS DE VERDEJO, S.L.. CARRETERA DE VALLADOLID, KM24,5 47231 SERRADA (VALLADOLID). Email: info@diezsiglos.es\n<\/p>\n<p><input class=\"wpcf7-form-control wpcf7-submit has-spinner\" type=\"submit\" value=\"Enviar\" \/>\n<\/p><div class=\"wpcf7-response-output\" aria-hidden=\"true\"><\/div>\n<\/form>\n<\/div>\n\t\t\t\t\t\t\t\t<\/div>\n\t\t\t\t<\/div>\n\t\t\t\t\t<\/div>\n\t\t<\/div>\n\t\t\t\t\t<\/div>\n\t\t<\/section>\n\t\t\t\t<\/div>\n\t\t","protected":false},"excerpt":{"rendered":"<p>Contact us We want to help you with whatever you need from us. You can contact us by filling out the following form. You can also find us at: Carretera de Valladolid, Km 24.547231 Serrada (Valladolid)Tel. 983 55 99 10 | 644 13 56 98WhatsApp: 644 13 56 98Emails:info@diezsiglos.essugerencias@diezsiglos.es<\/p>\n","protected":false},"author":2,"featured_media":0,"parent":0,"menu_order":0,"comment_status":"closed","ping_status":"closed","template":"","meta":{"_acf_changed":false,"footnotes":""},"class_list":["post-9298","page","type-page","status-publish","hentry"],"acf":[],"yoast_head":"<!-- This site is optimized with the Yoast SEO plugin v27.5 - https:\/\/yoast.com\/product\/yoast-seo-wordpress\/ -->\n<title>Contact - Diez Siglos de Verdejo<\/title>\n<meta name=\"robots\" content=\"index, follow, max-snippet:-1, max-image-preview:large, max-video-preview:-1\" \/>\n<link rel=\"canonical\" href=\"https:\/\/www.diezsiglos.es\/en\/contacto\/\" \/>\n<meta property=\"og:locale\" content=\"en_US\" \/>\n<meta property=\"og:type\" content=\"article\" \/>\n<meta property=\"og:title\" content=\"Contact - Diez Siglos de Verdejo\" \/>\n<meta property=\"og:description\" content=\"Contact us We want to help you with whatever you need from us. You can contact us by filling out the following form. You can also find us at: Carretera de Valladolid, Km 24.547231 Serrada (Valladolid)Tel. 983 55 99 10 | 644 13 56 98WhatsApp: 644 13 56 98Emails:info@diezsiglos.essugerencias@diezsiglos.es\" \/>\n<meta property=\"og:url\" content=\"https:\/\/www.diezsiglos.es\/en\/contacto\/\" \/>\n<meta property=\"og:site_name\" content=\"Diez Siglos de Verdejo\" \/>\n<meta property=\"article:publisher\" content=\"https:\/\/www.facebook.com\/diezsiglos\/\" \/>\n<meta property=\"article:modified_time\" content=\"2026-01-22T15:17:38+00:00\" \/>\n<meta property=\"og:image\" content=\"https:\/\/www.diezsiglos.es\/wp-content\/uploads\/2022\/09\/portada-bodega.jpg\" \/>\n\t<meta property=\"og:image:width\" content=\"1500\" \/>\n\t<meta property=\"og:image:height\" content=\"551\" \/>\n\t<meta property=\"og:image:type\" content=\"image\/jpeg\" \/>\n<meta name=\"twitter:card\" content=\"summary_large_image\" \/>\n<meta name=\"twitter:site\" content=\"@10siglosverdejo\" \/>\n<script type=\"application\/ld+json\" class=\"yoast-schema-graph\">{\"@context\":\"https:\\\/\\\/schema.org\",\"@graph\":[{\"@type\":\"WebPage\",\"@id\":\"https:\\\/\\\/www.diezsiglos.es\\\/en\\\/contacto\\\/\",\"url\":\"https:\\\/\\\/www.diezsiglos.es\\\/en\\\/contacto\\\/\",\"name\":\"Contact - Diez Siglos de Verdejo\",\"isPartOf\":{\"@id\":\"https:\\\/\\\/www.diezsiglos.es\\\/#website\"},\"primaryImageOfPage\":{\"@id\":\"https:\\\/\\\/www.diezsiglos.es\\\/en\\\/contacto\\\/#primaryimage\"},\"image\":{\"@id\":\"https:\\\/\\\/www.diezsiglos.es\\\/en\\\/contacto\\\/#primaryimage\"},\"thumbnailUrl\":\"https:\\\/\\\/www.diezsiglos.es\\\/wp-content\\\/uploads\\\/2022\\\/09\\\/portada-bodega-1024x376.jpg\",\"datePublished\":\"2022-12-19T10:12:10+00:00\",\"dateModified\":\"2026-01-22T15:17:38+00:00\",\"breadcrumb\":{\"@id\":\"https:\\\/\\\/www.diezsiglos.es\\\/en\\\/contacto\\\/#breadcrumb\"},\"inLanguage\":\"en-US\",\"potentialAction\":[{\"@type\":\"ReadAction\",\"target\":[\"https:\\\/\\\/www.diezsiglos.es\\\/en\\\/contacto\\\/\"]}]},{\"@type\":\"ImageObject\",\"inLanguage\":\"en-US\",\"@id\":\"https:\\\/\\\/www.diezsiglos.es\\\/en\\\/contacto\\\/#primaryimage\",\"url\":\"https:\\\/\\\/www.diezsiglos.es\\\/wp-content\\\/uploads\\\/2022\\\/09\\\/portada-bodega-1024x376.jpg\",\"contentUrl\":\"https:\\\/\\\/www.diezsiglos.es\\\/wp-content\\\/uploads\\\/2022\\\/09\\\/portada-bodega-1024x376.jpg\"},{\"@type\":\"BreadcrumbList\",\"@id\":\"https:\\\/\\\/www.diezsiglos.es\\\/en\\\/contacto\\\/#breadcrumb\",\"itemListElement\":[{\"@type\":\"ListItem\",\"position\":1,\"name\":\"Portada\",\"item\":\"https:\\\/\\\/www.diezsiglos.es\\\/en\\\/home\\\/\"},{\"@type\":\"ListItem\",\"position\":2,\"name\":\"Contact\"}]},{\"@type\":\"WebSite\",\"@id\":\"https:\\\/\\\/www.diezsiglos.es\\\/#website\",\"url\":\"https:\\\/\\\/www.diezsiglos.es\\\/\",\"name\":\"Diez Siglos de Verdejo\",\"description\":\"Verdejo D.O. Rueda\",\"publisher\":{\"@id\":\"https:\\\/\\\/www.diezsiglos.es\\\/#organization\"},\"potentialAction\":[{\"@type\":\"SearchAction\",\"target\":{\"@type\":\"EntryPoint\",\"urlTemplate\":\"https:\\\/\\\/www.diezsiglos.es\\\/?s={search_term_string}\"},\"query-input\":{\"@type\":\"PropertyValueSpecification\",\"valueRequired\":true,\"valueName\":\"search_term_string\"}}],\"inLanguage\":\"en-US\"},{\"@type\":\"Organization\",\"@id\":\"https:\\\/\\\/www.diezsiglos.es\\\/#organization\",\"name\":\"Diez Siglos de Verdejo\",\"url\":\"https:\\\/\\\/www.diezsiglos.es\\\/\",\"logo\":{\"@type\":\"ImageObject\",\"inLanguage\":\"en-US\",\"@id\":\"https:\\\/\\\/www.diezsiglos.es\\\/#\\\/schema\\\/logo\\\/image\\\/\",\"url\":\"https:\\\/\\\/www.diezsiglos.es\\\/wp-content\\\/uploads\\\/2024\\\/02\\\/logo-diez-siglos-horizontal-blanco-1.png\",\"contentUrl\":\"https:\\\/\\\/www.diezsiglos.es\\\/wp-content\\\/uploads\\\/2024\\\/02\\\/logo-diez-siglos-horizontal-blanco-1.png\",\"width\":800,\"height\":274,\"caption\":\"Diez Siglos de Verdejo\"},\"image\":{\"@id\":\"https:\\\/\\\/www.diezsiglos.es\\\/#\\\/schema\\\/logo\\\/image\\\/\"},\"sameAs\":[\"https:\\\/\\\/www.facebook.com\\\/diezsiglos\\\/\",\"https:\\\/\\\/x.com\\\/10siglosverdejo\",\"https:\\\/\\\/www.instagram.com\\\/bodegadiezsiglos\\\/\",\"https:\\\/\\\/www.youtube.com\\\/channel\\\/UCgPVaEuTs1TJnsg7HQFsqeQ\",\"https:\\\/\\\/www.linkedin.com\\\/in\\\/diez-siglos-3583251a8\\\/\",\"https:\\\/\\\/api.whatsapp.com\\\/send?phone=34644135698\"]}]}<\/script>\n<!-- \/ Yoast SEO plugin. -->","yoast_head_json":{"title":"Contact - Diez Siglos de Verdejo","robots":{"index":"index","follow":"follow","max-snippet":"max-snippet:-1","max-image-preview":"max-image-preview:large","max-video-preview":"max-video-preview:-1"},"canonical":"https:\/\/www.diezsiglos.es\/en\/contacto\/","og_locale":"en_US","og_type":"article","og_title":"Contact - Diez Siglos de Verdejo","og_description":"Contact us We want to help you with whatever you need from us. You can contact us by filling out the following form. You can also find us at: Carretera de Valladolid, Km 24.547231 Serrada (Valladolid)Tel. 983 55 99 10 | 644 13 56 98WhatsApp: 644 13 56 98Emails:info@diezsiglos.essugerencias@diezsiglos.es","og_url":"https:\/\/www.diezsiglos.es\/en\/contacto\/","og_site_name":"Diez Siglos de Verdejo","article_publisher":"https:\/\/www.facebook.com\/diezsiglos\/","article_modified_time":"2026-01-22T15:17:38+00:00","og_image":[{"width":1500,"height":551,"url":"https:\/\/www.diezsiglos.es\/wp-content\/uploads\/2022\/09\/portada-bodega.jpg","type":"image\/jpeg"}],"twitter_card":"summary_large_image","twitter_site":"@10siglosverdejo","schema":{"@context":"https:\/\/schema.org","@graph":[{"@type":"WebPage","@id":"https:\/\/www.diezsiglos.es\/en\/contacto\/","url":"https:\/\/www.diezsiglos.es\/en\/contacto\/","name":"Contact - Diez Siglos de Verdejo","isPartOf":{"@id":"https:\/\/www.diezsiglos.es\/#website"},"primaryImageOfPage":{"@id":"https:\/\/www.diezsiglos.es\/en\/contacto\/#primaryimage"},"image":{"@id":"https:\/\/www.diezsiglos.es\/en\/contacto\/#primaryimage"},"thumbnailUrl":"https:\/\/www.diezsiglos.es\/wp-content\/uploads\/2022\/09\/portada-bodega-1024x376.jpg","datePublished":"2022-12-19T10:12:10+00:00","dateModified":"2026-01-22T15:17:38+00:00","breadcrumb":{"@id":"https:\/\/www.diezsiglos.es\/en\/contacto\/#breadcrumb"},"inLanguage":"en-US","potentialAction":[{"@type":"ReadAction","target":["https:\/\/www.diezsiglos.es\/en\/contacto\/"]}]},{"@type":"ImageObject","inLanguage":"en-US","@id":"https:\/\/www.diezsiglos.es\/en\/contacto\/#primaryimage","url":"https:\/\/www.diezsiglos.es\/wp-content\/uploads\/2022\/09\/portada-bodega-1024x376.jpg","contentUrl":"https:\/\/www.diezsiglos.es\/wp-content\/uploads\/2022\/09\/portada-bodega-1024x376.jpg"},{"@type":"BreadcrumbList","@id":"https:\/\/www.diezsiglos.es\/en\/contacto\/#breadcrumb","itemListElement":[{"@type":"ListItem","position":1,"name":"Portada","item":"https:\/\/www.diezsiglos.es\/en\/home\/"},{"@type":"ListItem","position":2,"name":"Contact"}]},{"@type":"WebSite","@id":"https:\/\/www.diezsiglos.es\/#website","url":"https:\/\/www.diezsiglos.es\/","name":"Diez Siglos de Verdejo","description":"Verdejo D.O. Rueda","publisher":{"@id":"https:\/\/www.diezsiglos.es\/#organization"},"potentialAction":[{"@type":"SearchAction","target":{"@type":"EntryPoint","urlTemplate":"https:\/\/www.diezsiglos.es\/?s={search_term_string}"},"query-input":{"@type":"PropertyValueSpecification","valueRequired":true,"valueName":"search_term_string"}}],"inLanguage":"en-US"},{"@type":"Organization","@id":"https:\/\/www.diezsiglos.es\/#organization","name":"Diez Siglos de Verdejo","url":"https:\/\/www.diezsiglos.es\/","logo":{"@type":"ImageObject","inLanguage":"en-US","@id":"https:\/\/www.diezsiglos.es\/#\/schema\/logo\/image\/","url":"https:\/\/www.diezsiglos.es\/wp-content\/uploads\/2024\/02\/logo-diez-siglos-horizontal-blanco-1.png","contentUrl":"https:\/\/www.diezsiglos.es\/wp-content\/uploads\/2024\/02\/logo-diez-siglos-horizontal-blanco-1.png","width":800,"height":274,"caption":"Diez Siglos de Verdejo"},"image":{"@id":"https:\/\/www.diezsiglos.es\/#\/schema\/logo\/image\/"},"sameAs":["https:\/\/www.facebook.com\/diezsiglos\/","https:\/\/x.com\/10siglosverdejo","https:\/\/www.instagram.com\/bodegadiezsiglos\/","https:\/\/www.youtube.com\/channel\/UCgPVaEuTs1TJnsg7HQFsqeQ","https:\/\/www.linkedin.com\/in\/diez-siglos-3583251a8\/","https:\/\/api.whatsapp.com\/send?phone=34644135698"]}]}},"_links":{"self":[{"href":"https:\/\/www.diezsiglos.es\/en\/wp-json\/wp\/v2\/pages\/9298","targetHints":{"allow":["GET"]}}],"collection":[{"href":"https:\/\/www.diezsiglos.es\/en\/wp-json\/wp\/v2\/pages"}],"about":[{"href":"https:\/\/www.diezsiglos.es\/en\/wp-json\/wp\/v2\/types\/page"}],"author":[{"embeddable":true,"href":"https:\/\/www.diezsiglos.es\/en\/wp-json\/wp\/v2\/users\/2"}],"replies":[{"embeddable":true,"href":"https:\/\/www.diezsiglos.es\/en\/wp-json\/wp\/v2\/comments?post=9298"}],"version-history":[{"count":3,"href":"https:\/\/www.diezsiglos.es\/en\/wp-json\/wp\/v2\/pages\/9298\/revisions"}],"predecessor-version":[{"id":11714,"href":"https:\/\/www.diezsiglos.es\/en\/wp-json\/wp\/v2\/pages\/9298\/revisions\/11714"}],"wp:attachment":[{"href":"https:\/\/www.diezsiglos.es\/en\/wp-json\/wp\/v2\/media?parent=9298"}],"curies":[{"name":"wp","href":"https:\/\/api.w.org\/{rel}","templated":true}]}}